{"id":57678,"date":"2023-01-09T20:59:24","date_gmt":"2023-01-09T19:59:24","guid":{"rendered":"https:\/\/klaeslab.de\/?page_id=57678"},"modified":"2023-01-09T21:28:07","modified_gmt":"2023-01-09T20:28:07","slug":"about-this-website","status":"publish","type":"page","link":"https:\/\/klaeslab.de\/de\/about-this-website\/","title":{"rendered":"About This Website"},"content":{"rendered":"<div class=\"wpb-content-wrapper\"><div class=\"vc_row wpb_row vc_row-fluid\"><div class=\"wpb_column vc_column_container vc_col-sm-12\"><div class=\"vc_column-inner\"><div class=\"wpb_wrapper\">\n\t<div class=\"wpb_text_column wpb_content_element\" >\n\t\t<div class=\"wpb_wrapper\">\n\t\t\t<p>Medical Faculty<\/p>\n<p>Department of Neurosurgery<\/p>\n<p>Universit\u00e4tsklinik<\/p>\n<p>Knappschaftskrankenhaus Bochum GmbH<\/p>\n<p>In der Schornau 23-25, 44892 Bochum<\/p>\n<p>T +49 &#8211; (0)234 &#8211; 299 &#8211; 80262<br \/>\nE-Mail: <a href=\"mailto:neurotechnologie@rub.de\">neurotechnologie@rub.de<\/a><\/p>\n<p>Responsible party in accordance with the German Press Law (V.i.S.d.P.): Prof. Dr. Christian Klaes<\/p>\n<p>E-Mail: christian.klaes@rub.de<\/p>\n<p>&nbsp;<\/p>\n<p>Ruhr-Universit\u00e4t Bochum is a statutory corporation according to German law (K\u00f6rperschaft des \u00d6ffentlichen Rechts). It is legally represented by its Rector, Prof. Dr. Dr. h. c. Martin Paul.<br \/>\nResponsible according to \u00a7 55 art. 2 Interstate Broadcasting Agreement (RStV): Hubert Hundt, Administrative Department 8 \u2013 Corporate Communications, address as above.<\/p>\n<p>&nbsp;<\/p>\n<p>Disclaimer: Ruhr-Universit\u00e4t Bochum does not accept any liability or responsibility of the up-to-dateness, correctness and completeness of the information provided on its Internet pages. The same applies to the contents of external links.<\/p>\n\n\t\t<\/div>\n\t<\/div>\n<\/div><\/div><\/div><\/div>\n<\/div>","protected":false},"excerpt":{"rendered":"<p>Medical Faculty Department of Neurosurgery University Hospital Knappschaftskrankenhaus Bochum GmbH In der Schornau 23-25, 44892 Bochum T +49 &#8211; (0)234 &#8211; 299 &#8211; 80262 E-Mail: neurotechnologie@rub.de Responsible party in accordance with the German Press Law (V.i.S.d.P.): Prof. Dr. Christian Klaes E-Mail: christian.klaes@rub.de &nbsp; Ruhr-Universit\u00e4t Bochum is a statutory corporation according to German law (K\u00f6rperschaft des&hellip;<\/p>","protected":false},"author":2,"featured_media":0,"parent":0,"menu_order":0,"comment_status":"closed","ping_status":"closed","template":"","meta":{"_acf_changed":false,"om_disable_all_campaigns":false,"_monsterinsights_skip_tracking":false,"_monsterinsights_sitenote_active":false,"_monsterinsights_sitenote_note":"","_monsterinsights_sitenote_category":0,"footnotes":""},"class_list":["post-57678","page","type-page","status-publish","hentry","description-off"],"acf":[],"aioseo_notices":[],"_links":{"self":[{"href":"https:\/\/klaeslab.de\/de\/wp-json\/wp\/v2\/pages\/57678","targetHints":{"allow":["GET"]}}],"collection":[{"href":"https:\/\/klaeslab.de\/de\/wp-json\/wp\/v2\/pages"}],"about":[{"href":"https:\/\/klaeslab.de\/de\/wp-json\/wp\/v2\/types\/page"}],"author":[{"embeddable":true,"href":"https:\/\/klaeslab.de\/de\/wp-json\/wp\/v2\/users\/2"}],"replies":[{"embeddable":true,"href":"https:\/\/klaeslab.de\/de\/wp-json\/wp\/v2\/comments?post=57678"}],"version-history":[{"count":3,"href":"https:\/\/klaeslab.de\/de\/wp-json\/wp\/v2\/pages\/57678\/revisions"}],"predecessor-version":[{"id":57684,"href":"https:\/\/klaeslab.de\/de\/wp-json\/wp\/v2\/pages\/57678\/revisions\/57684"}],"wp:attachment":[{"href":"https:\/\/klaeslab.de\/de\/wp-json\/wp\/v2\/media?parent=57678"}],"curies":[{"name":"wp","href":"https:\/\/api.w.org\/{rel}","templated":true}]}}