{"id":28,"date":"2019-12-13T05:10:45","date_gmt":"2019-12-13T05:10:45","guid":{"rendered":"https:\/\/the7.io\/basic-business\/?page_id=28"},"modified":"2026-02-27T03:56:41","modified_gmt":"2026-02-27T02:56:41","slug":"about","status":"publish","type":"page","link":"https:\/\/klaeslab.de\/de\/about\/","title":{"rendered":"\u00dcber Uns"},"content":{"rendered":"<div class=\"wpb-content-wrapper\"><div class=\"vc_row wpb_row vc_row-fluid phone-reverse-col vc_custom_1579947953663 vc_row-o-equal-height vc_row-o-content-middle vc_row-flex\"><div class=\"wpb_column vc_column_container vc_col-sm-6 vc_col-lg-6 vc_col-md-6 vc_col-xs-12\"><div class=\"vc_column-inner vc_custom_1579947663151\"><div class=\"wpb_wrapper\"><div id=\"ultimate-heading-449369debaf8b8b6f\" class=\"uvc-heading ult-adjust-bottom-margin ultimate-heading-449369debaf8b8b6f uvc-7906 accent-border-color\" data-hspacer=\"line_only\"  data-halign=\"left\" style=\"text-align:left\"><div class=\"uvc-main-heading ult-responsive\"  data-ultimate-target='.uvc-heading.ultimate-heading-449369debaf8b8b6f h2'  data-responsive-json-new='{\"font-size\":\"mobile_landscape:24px;\",\"line-height\":\"mobile_landscape:34px;\"}' ><h2 style=\"font-weight:bold;margin-bottom:15px;\">Unsere Mission<\/h2><\/div><div class=\"uvc-heading-spacer line_only\" style=\"margin-bottom:30px;height:3px;\"><span class=\"uvc-headings-line\" style=\"border-style:solid;border-bottom-width:3px;border-color:;width:150px;\"><\/span><\/div><\/div>\n\t<div class=\"wpb_text_column wpb_content_element  vc_custom_1676983731521\" >\n\t\t<div class=\"wpb_wrapper\">\n\t\t\t<p>Tagt\u00e4glich greifen und bewegen wir Gegenst\u00e4nde: Wir halten den Stift zum Schreiben, f\u00fchren die Zahnb\u00fcrste zum Z\u00e4hneputzen zum Mund und nehmen das Glas in die Hand zum Trinken. Selbst letzteres ist vielen querschnittsgel\u00e4hmten Menschen nicht m\u00f6glich. Greifen, halten und erfassen sind elementare, k\u00f6rperliche Eigenschaften, die uns ein autonomes Leben erm\u00f6glichen.<\/p>\n<p>Um gel\u00e4hmten Patienten zu helfen und ihnen ein selbstst\u00e4ndigeres Leben zu erm\u00f6glichen, entwickeln wir zurzeit in unserer Forschungsgruppe fortschrittliche und wegweisende Neuroprothesen. Dazu nutzen wir einen hochgradig interdisziplin\u00e4ren Ansatz, bei dem die Neurowissenschaften, Neurochirurgie, maschinelles Lernen und virtuelle Realit\u00e4t ineinander greifen. Wir nutzen unsere Expertise in diesen Gebieten, um sogenannte \u201abrain-computer interfaces\u2018 (BCI) zu entwickeln. Bei einem BCI handelt es sich um ein System, dass die direkte Kommunikation zwischen Gehirn und Computern erm\u00f6glicht und dabei unter anderem eine gesch\u00e4digte Wirbels\u00e4ule \u00fcberbr\u00fccken kann. Neuronale Signale werden dabei aus dem Gehirn \u201aausgelesen\u2018 und die Bewegungsintentionen des Patienten mit Hilfe einer speziellen Software dekodiert. Diese entschl\u00fcsselten Bewegungsintentionen werden dann benutzt, um Prothesen anzusteuern. Damit wird es gel\u00e4hmten Patienten wieder m\u00f6glich sein, Selbst\u00e4ndigkeit zur\u00fcckzugewinnen und damit ihre Lebensqualit\u00e4t deutlich zu verbessern.<\/p>\n<p>Um dieses Ziel zu erreichen m\u00fcssen wir allerdings besser verstehen, wie das Gehirn sensorischen Input und motorischen Output verarbeitet und dadurch Bewegungsintentionen erzeugt. Doch wie lernt das Gehirn ein BCI System zu steuern? Wie selektieren einzelne Neuronen beim Erlernen neuer Aufgaben? Und wie trifft das Gehirn die Entscheidung, ein bestimmtes Objekt aus einer Reihe von vielen m\u00f6glichen auszuw\u00e4hlen?<\/p>\n<p>Diese und andere Fragen erforschen wir in unserem Expertenteam. Die Kooperation mit dem Knappschaftskrankenhaus erm\u00f6glicht es uns zudem, eng mit Medizinern und Patienten vor Ort zusammenzuarbeiten. Um auch die Weiterentwicklung robotischer Prothesen voranzutreiben, kollaborieren wir ebenfalls mit einem lokalen Robotik-Labor, um eine effiziente Synthese zwischen Technik und neuen Erkenntnissen zu erreichen.<\/p>\n\n\t\t<\/div>\n\t<\/div>\n<\/div><\/div><\/div><div class=\"wpb_column vc_column_container vc_col-sm-6 vc_col-lg-6 vc_col-md-6 vc_col-xs-12\"><div class=\"vc_column-inner vc_custom_1579947671531\"><div class=\"wpb_wrapper\"><style type=\"text\/css\" data-type=\"the7_shortcodes-inline-css\">.shortcode-single-image-wrap.shortcode-single-image-0c1a253151cfa8a4bfb383a4075e0976.enable-bg-rollover .rollover i,\n.shortcode-single-image-wrap.shortcode-single-image-0c1a253151cfa8a4bfb383a4075e0976.enable-bg-rollover .rollover-video i {\n  background: -webkit-linear-gradient();\n  background: linear-gradient();\n}\n.shortcode-single-image-wrap.shortcode-single-image-0c1a253151cfa8a4bfb383a4075e0976 .rollover-icon {\n  font-size: 32px;\n  color: #ffffff;\n  min-width: 44px;\n  min-height: 44px;\n  line-height: 44px;\n  border-radius: 100px;\n  border-style: solid;\n  border-width: 0px;\n}\n.dt-icon-bg-on.shortcode-single-image-wrap.shortcode-single-image-0c1a253151cfa8a4bfb383a4075e0976 .rollover-icon {\n  background: rgba(255,255,255,0.3);\n  box-shadow: none;\n}<\/style><div class=\"shortcode-single-image-wrap shortcode-single-image-0c1a253151cfa8a4bfb383a4075e0976 alignnone  enable-bg-rollover dt-icon-bg-off\" style=\"margin-top:0px; margin-bottom:0px; margin-left:0px; margin-right:0px; width:1200px;\"><div class=\"shortcode-single-image\"><div class=\"fancy-media-wrap  layzr-bg\" style=\"\"><img fetchpriority=\"high\" decoding=\"async\" class=\"preload-me lazy-load aspect\" src=\"data:image\/svg+xml,%3Csvg%20xmlns%3D&#39;http%3A%2F%2Fwww.w3.org%2F2000%2Fsvg&#39;%20viewBox%3D&#39;0%200%201200%201200&#39;%2F%3E\" data-src=\"https:\/\/klaeslab.de\/wp-content\/uploads\/2022\/12\/C140225-scaled-1200x1200.jpg\" data-srcset=\"https:\/\/klaeslab.de\/wp-content\/uploads\/2022\/12\/C140225-scaled-1200x1200.jpg 1200w, https:\/\/klaeslab.de\/wp-content\/uploads\/2022\/12\/C140225-scaled-1920x1920.jpg 1920w\" loading=\"eager\" sizes=\"(max-width: 1200px) 100vw, 1200px\" width=\"1200\" height=\"1200\"  data-dt-location=\"https:\/\/klaeslab.de\/de\/about\/olympus-digital-camera-5\/\" style=\"--ratio: 1200 \/ 1200;\" alt=\"\" \/><\/div><\/div><\/div><\/div><\/div><\/div><\/div>\n<\/div>","protected":false},"excerpt":{"rendered":"<p>Our Mission Every day we grasp and move objects: We hold a pen to write, bring a toothbrush to our mouth to brush our teeth, and pick up a glass to drink. Even the latter is not possible for many paraplegic people. Grasping and holding are elementary, physical abilities that enable us to live autonomously.&hellip;<\/p>","protected":false},"author":2,"featured_media":0,"parent":0,"menu_order":5,"comment_status":"closed","ping_status":"closed","template":"","meta":{"_acf_changed":false,"om_disable_all_campaigns":false,"_monsterinsights_skip_tracking":false,"_monsterinsights_sitenote_active":false,"_monsterinsights_sitenote_note":"","_monsterinsights_sitenote_category":0,"footnotes":""},"class_list":["post-28","page","type-page","status-publish","hentry","description-off"],"acf":[],"aioseo_notices":[],"_links":{"self":[{"href":"https:\/\/klaeslab.de\/de\/wp-json\/wp\/v2\/pages\/28","targetHints":{"allow":["GET"]}}],"collection":[{"href":"https:\/\/klaeslab.de\/de\/wp-json\/wp\/v2\/pages"}],"about":[{"href":"https:\/\/klaeslab.de\/de\/wp-json\/wp\/v2\/types\/page"}],"author":[{"embeddable":true,"href":"https:\/\/klaeslab.de\/de\/wp-json\/wp\/v2\/users\/2"}],"replies":[{"embeddable":true,"href":"https:\/\/klaeslab.de\/de\/wp-json\/wp\/v2\/comments?post=28"}],"version-history":[{"count":7,"href":"https:\/\/klaeslab.de\/de\/wp-json\/wp\/v2\/pages\/28\/revisions"}],"predecessor-version":[{"id":58572,"href":"https:\/\/klaeslab.de\/de\/wp-json\/wp\/v2\/pages\/28\/revisions\/58572"}],"wp:attachment":[{"href":"https:\/\/klaeslab.de\/de\/wp-json\/wp\/v2\/media?parent=28"}],"curies":[{"name":"wp","href":"https:\/\/api.w.org\/{rel}","templated":true}]}}