{"id":1485,"date":"2019-10-16T16:13:42","date_gmt":"2019-10-16T16:13:42","guid":{"rendered":"https:\/\/the7.io\/company\/?page_id=1485"},"modified":"2025-02-11T20:55:39","modified_gmt":"2025-02-11T19:55:39","slug":"team","status":"publish","type":"page","link":"https:\/\/klaeslab.de\/de\/team\/","title":{"rendered":"Projekte"},"content":{"rendered":"<div class=\"wpb-content-wrapper\"><div class=\"vc_row wpb_row vc_row-fluid\"><div class=\"wpb_column vc_column_container vc_col-sm-12\"><div class=\"vc_column-inner\"><div class=\"wpb_wrapper\">\n\t<div class=\"wpb_text_column wpb_content_element  vc_custom_1686254240148\" >\n\t\t<div class=\"wpb_wrapper\">\n\t\t\t<h3>Unsere aktuellen Projekte<\/h3>\n<p>Wenn Sie mehr \u00fcber diese Themen erfahren m\u00f6chten, wenden Sie sich bitte an uns! <a href=\"https:\/\/klaeslab.de\/de\/contact-3\/\" target=\"_blank\" rel=\"noopener\">Kontakt<\/a><\/p>\n\n\t\t<\/div>\n\t<\/div>\n<\/div><\/div><\/div><\/div><div class=\"vc_row wpb_row vc_row-fluid vc_custom_1676553175919\"><div class=\"wpb_column vc_column_container vc_col-sm-6\"><div class=\"vc_column-inner\"><div class=\"wpb_wrapper\">\n\t<div class=\"wpb_text_column wpb_content_element\" >\n\t\t<div class=\"wpb_wrapper\">\n\t\t\t<p><iframe loading=\"lazy\" title=\"YouTube video player\" src=\"https:\/\/www.youtube.com\/embed\/0TlOY16WtqE?si=5azHL0FBqlVi0I04\" width=\"560\" height=\"315\" frameborder=\"0\" allowfullscreen=\"allowfullscreen\"><br \/>\n<\/iframe><\/p>\n\n\t\t<\/div>\n\t<\/div>\n<\/div><\/div><\/div><div class=\"wpb_column vc_column_container vc_col-sm-6\"><div class=\"vc_column-inner\"><div class=\"wpb_wrapper\">\n\t<div class=\"wpb_text_column wpb_content_element\" >\n\t\t<div class=\"wpb_wrapper\">\n\t\t\t<div class=\"wpb_text_column wpb_content_element\">\n<div class=\"wpb_wrapper\">\n<h4>Unsere Youtube Playlist <a href=\"https:\/\/youtube.com\/playlist?list=PL_dZzRKMjeiaMePHDgoTsVFwDkPYB4OhE&amp;si=PlAoQyRSaGNkgs_1\" target=\"_blank\" rel=\"noopener\">&#8220;KlaesLab Paper Trails!&#8221;<\/a><\/h4>\n<p><strong data-start=\"28\" data-end=\"54\">Klaes Lab Paper Trails<\/strong>, our podcast-style series where we dive into the latest research from our lab!<\/p>\n<\/div>\n<\/div>\n\n\t\t<\/div>\n\t<\/div>\n<\/div><\/div><\/div><\/div><div class=\"vc_row wpb_row vc_row-fluid vc_custom_1676553175919\"><div class=\"wpb_column vc_column_container vc_col-sm-6\"><div class=\"vc_column-inner\"><div class=\"wpb_wrapper\">\n\t<div class=\"wpb_text_column wpb_content_element\" >\n\t\t<div class=\"wpb_wrapper\">\n\t\t\t<p><iframe loading=\"lazy\" title=\"YouTube video player\" src=\"https:\/\/www.youtube.com\/embed\/OJ7mj-zZ4Tk\" width=\"560\" height=\"315\" frameborder=\"0\" allowfullscreen=\"allowfullscreen\"><\/iframe><\/p>\n\n\t\t<\/div>\n\t<\/div>\n<\/div><\/div><\/div><div class=\"wpb_column vc_column_container vc_col-sm-6\"><div class=\"vc_column-inner\"><div class=\"wpb_wrapper\">\n\t<div class=\"wpb_text_column wpb_content_element\" >\n\t\t<div class=\"wpb_wrapper\">\n\t\t\t<div class=\"wpb_text_column wpb_content_element\">\n<div class=\"wpb_wrapper\">\n<h4>Unsere Youtube Playlist <a href=\"https:\/\/www.youtube.com\/watch?v=OJ7mj-zZ4Tk&amp;list=PL_dZzRKMjeibZMkGx9s8we9g2P7f13Bm3\" target=\"_blank\" rel=\"noopener\">&#8220;KI and We&#8221;<\/a><\/h4>\n<p>mit derzeit 3 Episoden ist sie der Start einer podcast-\u00e4hnlichen Serie, die sich mit dem gro\u00dfen Thema der k\u00fcnstlichen Intelligenz besch\u00e4ftigt.\n<\/p><\/div>\n<\/div>\n\n\t\t<\/div>\n\t<\/div>\n<\/div><\/div><\/div><\/div><div class=\"vc_row wpb_row vc_row-fluid vc_custom_1676553175919\"><div class=\"wpb_column vc_column_container vc_col-sm-6\"><div class=\"vc_column-inner\"><div class=\"wpb_wrapper\">\n\t<div  class=\"wpb_single_image wpb_content_element vc_align_center\">\n\t\t\n\t\t<figure class=\"wpb_wrapper vc_figure\">\n\t\t\t<a href=\"https:\/\/mercur-research.de\/projekte\/default-466034e9780fc5fbe19391cd2911c3a5\/neural-signal-processing\" target=\"_blank\"  class=\"vc_single_image-wrapper   vc_box_border_grey rollover\"   ><img loading=\"lazy\" decoding=\"async\" width=\"300\" height=\"101\" src=\"https:\/\/klaeslab.de\/wp-content\/uploads\/2023\/05\/Mercur_logo-300x101.png\" class=\"vc_single_image-img attachment-medium\" alt=\"Mercur logo\" title=\"Mercur_logo\" srcset=\"https:\/\/klaeslab.de\/wp-content\/uploads\/2023\/05\/Mercur_logo-300x101.png 300w, https:\/\/klaeslab.de\/wp-content\/uploads\/2023\/05\/Mercur_logo.png 354w\" sizes=\"auto, (max-width: 300px) 100vw, 300px\"  data-dt-location=\"https:\/\/klaeslab.de\/de\/team\/mercur_logo\/\" \/><\/a>\n\t\t<\/figure>\n\t<\/div>\n<\/div><\/div><\/div><div class=\"wpb_column vc_column_container vc_col-sm-6\"><div class=\"vc_column-inner\"><div class=\"wpb_wrapper\">\n\t<div class=\"wpb_text_column wpb_content_element\" >\n\t\t<div class=\"wpb_wrapper\">\n\t\t\t<div id=\"ultimate-heading-270763ee2a77c255d\" class=\"uvc-heading ult-adjust-bottom-margin ultimate-heading-270763ee2a77c255d uvc-4938 accent-subtitle-color\" data-hspacer=\"no_spacer\" data-halign=\"left\">\n<div class=\"uvc-main-heading ult-responsive\" data-ultimate-target=\".uvc-heading.ultimate-heading-270763ee2a77c255d h4\" data-responsive-json-new=\"{&quot;font-size&quot;:&quot;desktop:30px;&quot;,&quot;line-height&quot;:&quot;desktop:40px;&quot;}\">\n<h4><a href=\"https:\/\/mercur-research.de\/projekte\/default-466034e9780fc5fbe19391cd2911c3a5\/neural-signal-processing\" target=\"_blank\" rel=\"noopener\">Mercur Project Neural Signal Processing<\/a> Einsatz k\u00fcnstlicher Intelligenz auf einer eingebetteten Plattform<\/h4>\n<p>&nbsp;\n<\/p><\/div>\n<\/div>\n<div class=\"wpb_text_column wpb_content_element\">\n<div class=\"wpb_wrapper\">\n<p>Ziel dieses Projekts ist die Entwicklung einer durchg\u00e4ngigen neuronalen Verarbeitungskette, die Online-Algorithmen zur Spike-Sortierung und neuronalen Dekodierung mit analoger und digitaler eingebetteter Hardware implementiert. Diese Pipeline ist ein grundlegender Baustein f\u00fcr die Entwicklung der n\u00e4chsten Generation von neuronalen Implantaten.<\/p>\n<p>Bestehende L\u00f6sungen erlauben keine genaue, schnelle und energieeffiziente Interpretation von Gehirnsignalen. Im Rahmen des Projekts werden wir einen gemeinsamen erweiterten Datensatz f\u00fcr die eingebettete neuronale Verarbeitung definieren und hardwarebasierte L\u00f6sungen f\u00fcr die verschiedenen Phasen der Spike-Sortierung entwickeln.\u00a0<span style=\"font-weight: 400;\">Wir werden einen neuronalen Decoder auf der Grundlage von Deep-Learning-Methoden optimieren sowie alle Teile in einen Demonstrator integrieren und die Systemleistung bewerten.<\/span><\/p>\n<p>&nbsp;\n<\/p><\/div>\n<\/div>\n<div class=\"vc_empty_space\"><\/div>\n\n\t\t<\/div>\n\t<\/div>\n<\/div><\/div><\/div><\/div><div class=\"vc_row wpb_row vc_row-fluid vc_custom_1676553200799\"><div class=\"wpb_column vc_column_container vc_col-sm-6\"><div class=\"vc_column-inner\"><div class=\"wpb_wrapper\">\n\t<div  class=\"wpb_single_image wpb_content_element vc_align_center\">\n\t\t\n\t\t<figure class=\"wpb_wrapper vc_figure\">\n\t\t\t<a href=\"https:\/\/www.terahertz.nrw\/\" target=\"_blank\"  class=\"vc_single_image-wrapper   vc_box_border_grey rollover\"   ><img loading=\"lazy\" decoding=\"async\" width=\"300\" height=\"200\" src=\"https:\/\/klaeslab.de\/wp-content\/uploads\/2023\/06\/terahertz_nrw_logo_768x512-300x200.png\" class=\"vc_single_image-img attachment-medium\" alt=\"terahertz.nrw\" title=\"terahertz_nrw_logo_768x512\" srcset=\"https:\/\/klaeslab.de\/wp-content\/uploads\/2023\/06\/terahertz_nrw_logo_768x512-300x200.png 300w, https:\/\/klaeslab.de\/wp-content\/uploads\/2023\/06\/terahertz_nrw_logo_768x512.png 768w\" sizes=\"auto, (max-width: 300px) 100vw, 300px\"  data-dt-location=\"https:\/\/klaeslab.de\/de\/team\/terahertz_nrw_logo_768x512\/\" \/><\/a>\n\t\t<\/figure>\n\t<\/div>\n<\/div><\/div><\/div><div class=\"wpb_column vc_column_container vc_col-sm-6\"><div class=\"vc_column-inner\"><div class=\"wpb_wrapper\">\n\t<div class=\"wpb_text_column wpb_content_element\" >\n\t\t<div class=\"wpb_wrapper\">\n\t\t\t<div id=\"ultimate-heading-36563ee2a77c4620\" class=\"uvc-heading ult-adjust-bottom-margin ultimate-heading-36563ee2a77c4620 uvc-5171 accent-subtitle-color\" data-hspacer=\"no_spacer\" data-halign=\"left\">\n<div class=\"uvc-main-heading ult-responsive\" data-ultimate-target=\".uvc-heading.ultimate-heading-36563ee2a77c4620 h4\" data-responsive-json-new=\"{&quot;font-size&quot;:&quot;desktop:30px;&quot;,&quot;line-height&quot;:&quot;desktop:40px;&quot;}\">\n<h4><a href=\"https:\/\/www.terahertz.nrw\/\">Terahertz.NRW<\/a><\/h4>\n<p>Das Forschungsnetzwerk Terahertz.nrw ist eine Kooperation zwischen der Ruhr-Universit\u00e4t Bochum, dem Fraunhofer-Institut f\u00fcr Hochfrequenzphysik und Radartechnik, der Universit\u00e4t Duisburg-Essen, der Bergischen Universit\u00e4t Wuppertal und dem Fraunhofer-Institut f\u00fcr Mikroelektronische Schaltungen.<\/p>\n<p>Der THz-Frequenzbereich, der \u00fcber das sichtbare Licht und die Infrarotstrahlung hinausgeht, hat gro\u00dfes Potenzial f\u00fcr biomedizinische Anwendungen. Je nach Zusammensetzung der Biomakromolek\u00fcle und des Wassergehalts weisen verschiedene Gewebe unterschiedliche Merkmale des THz-Spektrums auf, die z. B. bei der Tomographie helfen k\u00f6nnen, Tumor- von Nicht-Tumorgewebe zu unterscheiden. Wir interessieren uns f\u00fcr die Erkennung neuronaler Aktivit\u00e4t durch THz-Strahlung mit Hilfe von Deep Learning, um komplizierte Muster aufzudecken.\n<\/p><\/div>\n<\/div>\n\n\t\t<\/div>\n\t<\/div>\n<\/div><\/div><\/div><\/div><div class=\"vc_row wpb_row vc_row-fluid\"><div class=\"wpb_column vc_column_container vc_col-sm-12\"><div class=\"vc_column-inner\"><div class=\"wpb_wrapper\">\n\t<div class=\"wpb_text_column wpb_content_element  vc_custom_1689954817124\" >\n\t\t<div class=\"wpb_wrapper\">\n\t\t\t<h3>Our Finished Projects<\/h3>\n<p>Wenn Sie mehr \u00fcber diese Themen erfahren m\u00f6chten, wenden Sie sich bitte an uns! <a href=\"https:\/\/klaeslab.de\/de\/contact-3\/\" target=\"_blank\" rel=\"noopener\">Kontakt<\/a><\/p>\n\n\t\t<\/div>\n\t<\/div>\n<\/div><\/div><\/div><\/div><div class=\"vc_row wpb_row vc_row-fluid vc_custom_1676553175919\"><div class=\"wpb_column vc_column_container vc_col-sm-6\"><div class=\"vc_column-inner\"><div class=\"wpb_wrapper\">\n\t<div class=\"wpb_text_column wpb_content_element\" >\n\t\t<div class=\"wpb_wrapper\">\n\t\t\t<p><iframe loading=\"lazy\" title=\"YouTube video player\" src=\"https:\/\/www.youtube.com\/embed\/PEA4_9pk34o\" width=\"560\" height=\"315\" frameborder=\"0\" allowfullscreen=\"allowfullscreen\"><\/iframe><\/p>\n\n\t\t<\/div>\n\t<\/div>\n<\/div><\/div><\/div><div class=\"wpb_column vc_column_container vc_col-sm-6\"><div class=\"vc_column-inner\"><div class=\"wpb_wrapper\">\n\t<div class=\"wpb_text_column wpb_content_element\" >\n\t\t<div class=\"wpb_wrapper\">\n\t\t\t<div class=\"wpb_text_column wpb_content_element\">\n<div class=\"wpb_wrapper\">\n<h4>Unsere Youtube Playlist <a href=\"https:\/\/www.youtube.com\/watch?v=PEA4_9pk34o&amp;list=PL_dZzRKMjeiYqhq-ZyrdXOxPgP4oUvvcM\" target=\"_blank\" rel=\"noopener\">&#8220;Transhumanismus: Denkbar? Machbar? W\u00fcnschenswert?&#8221;<\/a><\/h4>\n<p>Kryonik, Nanobots, K\u00fcnstliche Intelligenz, Enhancement &amp; Co: Was k\u00f6nnen wir von neuen Technologien erwarten und wo liegen ihre Gefahren? In zehn Episoden werden der Neurowissenschaftler Christian Klaes und der Philosoph Benedikt Paul G\u00f6cke von der Ruhr-Universit\u00e4t Bochum erkl\u00e4ren, welche Chancen und Folgen der Transhumanismus in sich birgt.\n<\/p><\/div>\n<\/div>\n\n\t\t<\/div>\n\t<\/div>\n<\/div><\/div><\/div><\/div><div class=\"vc_row wpb_row vc_row-fluid vc_custom_1676553164103\"><div class=\"wpb_column vc_column_container vc_col-sm-6\"><div class=\"vc_column-inner\"><div class=\"wpb_wrapper\">\n\t<div  class=\"wpb_single_image wpb_content_element vc_align_center\">\n\t\t\n\t\t<figure class=\"wpb_wrapper vc_figure\">\n\t\t\t<a href=\"https:\/\/www.sfb874.ruhr-uni-bochum.de\/en\/frontpage\" target=\"_blank\"  class=\"vc_single_image-wrapper   vc_box_border_grey rollover\"   ><img loading=\"lazy\" decoding=\"async\" width=\"300\" height=\"156\" src=\"https:\/\/klaeslab.de\/wp-content\/uploads\/2023\/05\/SFB_Logo_RGBA-300x156.png\" class=\"vc_single_image-img attachment-medium\" alt=\"SFB 874 logo\" title=\"SFB_Logo_RGBA\" srcset=\"https:\/\/klaeslab.de\/wp-content\/uploads\/2023\/05\/SFB_Logo_RGBA-300x156.png 300w, https:\/\/klaeslab.de\/wp-content\/uploads\/2023\/05\/SFB_Logo_RGBA-1024x531.png 1024w, https:\/\/klaeslab.de\/wp-content\/uploads\/2023\/05\/SFB_Logo_RGBA-768x398.png 768w, https:\/\/klaeslab.de\/wp-content\/uploads\/2023\/05\/SFB_Logo_RGBA-1536x797.png 1536w, https:\/\/klaeslab.de\/wp-content\/uploads\/2023\/05\/SFB_Logo_RGBA.png 1936w\" sizes=\"auto, (max-width: 300px) 100vw, 300px\"  data-dt-location=\"https:\/\/klaeslab.de\/de\/team\/sfb_logo_rgba\/\" \/><\/a>\n\t\t<\/figure>\n\t<\/div>\n<\/div><\/div><\/div><div class=\"wpb_column vc_column_container vc_col-sm-6\"><div class=\"vc_column-inner\"><div class=\"wpb_wrapper\">\n\t<div class=\"wpb_text_column wpb_content_element\" >\n\t\t<div class=\"wpb_wrapper\">\n\t\t\t<div id=\"ultimate-heading-536563ee16533a27e\" class=\"uvc-heading ult-adjust-bottom-margin ultimate-heading-536563ee16533a27e uvc-6486 accent-subtitle-color\" data-hspacer=\"no_spacer\" data-halign=\"left\">\n<div class=\"uvc-main-heading ult-responsive\" data-ultimate-target=\".uvc-heading.ultimate-heading-536563ee16533a27e h4\" data-responsive-json-new=\"{&quot;font-size&quot;:&quot;desktop:30px;&quot;,&quot;line-height&quot;:&quot;desktop:40px;&quot;}\">\n<h4><a href=\"https:\/\/www.sfb874.ruhr-uni-bochum.de\/en\/frontpage\" target=\"_blank\" rel=\"noopener\">SFB 874 A11<\/a> Die Beziehung zwischen implizitem und explizitem visuomotorischem Aufgabenlernen im Hippocampus und parietalen Kortex<\/h4>\n<p>&nbsp;\n<\/p><\/div>\n<\/div>\n<div class=\"wpb_text_column wpb_content_element\">\n<div class=\"wpb_wrapper\">\n<p>Visuomotorische Aufgaben wie das Lernen von Bewegungsabl\u00e4ufen und die motorische Anpassung h\u00e4ngen von verschiedenen Gehirnstrukturen wie dem Hippocampus und dem parietalen Kortex ab. Die Beteiligung dieser Strukturen kann je nach Lernphase und Explizitheit der Aufgabe variieren.<\/p>\n<p>In diesem Projekt wollen wir untersuchen, wie Hirnstrukturen wie der Hippocampus und der parietale Kortex bei impliziten und expliziten Formen des motorischen Lernens und in verschiedenen Lernphasen beteiligt sind. Weitere Informationen zu diesem Projekt finden Sie <a href=\"https:\/\/www.sfb874.ruhr-uni-bochum.de\/en\/project-a11-klaes-axmacher\/\" target=\"_blank\" rel=\"noopener\">hier<\/a>.<\/div>\n<\/div>\n\n\t\t<\/div>\n\t<\/div>\n<\/div><\/div><\/div><\/div><div class=\"vc_row wpb_row vc_row-fluid vc_custom_1693327432085\"><div class=\"wpb_column vc_column_container vc_col-sm-6\"><div class=\"vc_column-inner\"><div class=\"wpb_wrapper\">\n\t<div class=\"wpb_text_column wpb_content_element\" >\n\t\t<div class=\"wpb_wrapper\">\n\t\t\t<p><iframe loading=\"lazy\" title=\"YouTube video player\" src=\"https:\/\/www.youtube.com\/embed\/yhgv5qeArQg?si=Uyv519U7aOhUq8em\" width=\"560\" height=\"315\" frameborder=\"0\" allowfullscreen=\"allowfullscreen\"><\/iframe><\/p>\n\n\t\t<\/div>\n\t<\/div>\n<\/div><\/div><\/div><div class=\"wpb_column vc_column_container vc_col-sm-6\"><div class=\"vc_column-inner\"><div class=\"wpb_wrapper\">\n\t<div class=\"wpb_text_column wpb_content_element\" >\n\t\t<div class=\"wpb_wrapper\">\n\t\t\t<h4>SFB 847 featured on the RUB Youtube Channel<\/h4>\n<p>Prof. Dr. Christian Klaes und Susanne Dyck stellen das Projekt und die M\u00f6glichkeiten von VR in der Forschung in einem interessanten Experiment mit Anke Maes vor.<\/p>\n\n\t\t<\/div>\n\t<\/div>\n<\/div><\/div><\/div><\/div><div class=\"vc_row wpb_row vc_row-fluid vc_custom_1676553200799\"><div class=\"wpb_column vc_column_container vc_col-sm-6\"><div class=\"vc_column-inner\"><div class=\"wpb_wrapper\">\n\t<div  class=\"wpb_single_image wpb_content_element vc_align_center\">\n\t\t\n\t\t<figure class=\"wpb_wrapper vc_figure\">\n\t\t\t<a href=\"https:\/\/www.hochschule-ruhr-west.de\/news\/datensaetze-presse\/2019\/rexo\/\" target=\"_blank\"  class=\"vc_single_image-wrapper   vc_box_border_grey rollover\"   ><img loading=\"lazy\" decoding=\"async\" width=\"300\" height=\"133\" src=\"https:\/\/klaeslab.de\/wp-content\/uploads\/2023\/05\/Rexo_png-300x133.png\" class=\"vc_single_image-img attachment-medium\" alt=\"REXO logo\" title=\"Rexo_png\" srcset=\"https:\/\/klaeslab.de\/wp-content\/uploads\/2023\/05\/Rexo_png-300x133.png 300w, https:\/\/klaeslab.de\/wp-content\/uploads\/2023\/05\/Rexo_png-1024x455.png 1024w, https:\/\/klaeslab.de\/wp-content\/uploads\/2023\/05\/Rexo_png-768x341.png 768w, https:\/\/klaeslab.de\/wp-content\/uploads\/2023\/05\/Rexo_png.png 1123w\" sizes=\"auto, (max-width: 300px) 100vw, 300px\"  data-dt-location=\"https:\/\/klaeslab.de\/de\/team\/rexo_png\/\" \/><\/a>\n\t\t<\/figure>\n\t<\/div>\n<\/div><\/div><\/div><div class=\"wpb_column vc_column_container vc_col-sm-6\"><div class=\"vc_column-inner\"><div class=\"wpb_wrapper\">\n\t<div class=\"wpb_text_column wpb_content_element\" >\n\t\t<div class=\"wpb_wrapper\">\n\t\t\t<div id=\"ultimate-heading-36563ee2a77c4620\" class=\"uvc-heading ult-adjust-bottom-margin ultimate-heading-36563ee2a77c4620 uvc-5171 accent-subtitle-color\" data-hspacer=\"no_spacer\" data-halign=\"left\">\n<div class=\"uvc-main-heading ult-responsive\" data-ultimate-target=\".uvc-heading.ultimate-heading-36563ee2a77c4620 h4\" data-responsive-json-new=\"{&quot;font-size&quot;:&quot;desktop:30px;&quot;,&quot;line-height&quot;:&quot;desktop:40px;&quot;}\">\n<h4><a href=\"https:\/\/medecon.ruhr\/projekte\/rexo\/\" target=\"_blank\" rel=\"noopener\">REXO Rehabilitation der oberen Gliedma\u00dfen durch ein intelligentes weiches Exoskelett<\/a><\/h4>\n<p>&nbsp;\n<\/p><\/div>\n<\/div>\n<div class=\"wpb_text_column wpb_content_element\">\n<div class=\"wpb_wrapper\">\n<p>Beeintr\u00e4chtigungen der Arm- und Greiffunktionen nach verschiedenen neurologischen Erkrankungen schr\u00e4nken die Teilhabe der betroffenen Patienten am Berufs- und Alltagsleben ein. Dies stellt eine gro\u00dfe Herausforderung f\u00fcr den Rehabilitationsprozess dar. Zur F\u00f6rderung der konventionellen Therapie und zur Erleichterung der Rehabilitation ist es notwendig, ein selbst\u00e4ndiges und allt\u00e4gliches Training zu nutzen.<\/p>\n<p>Dieses Projekt konzentriert sich auf die Entwicklung einer Schl\u00fcsselkomponente - ein biomechanisch gestaltetes, adaptives Exoskelett f\u00fcr die obere Extremit\u00e4t - um Patienten auf ihrem Rehabilitationsweg zu begleiten und zu unterst\u00fctzen. Weitere Informationen zu diesem Projekt finden Sie <a href=\"https:\/\/www.hochschule-ruhr-west.de\/news\/datensaetze-presse\/2019\/rexo\/\" target=\"_blank\" rel=\"noopener\">hier<\/a>.<\/div>\n<\/div>\n<div class=\"vc_empty_space\"><\/div>\n\n\t\t<\/div>\n\t<\/div>\n<\/div><\/div><\/div><\/div><div class=\"vc_row wpb_row vc_row-fluid vc_custom_1676553191102\"><div class=\"wpb_column vc_column_container vc_col-sm-6\"><div class=\"vc_column-inner\"><div class=\"wpb_wrapper\">\n\t<div  class=\"wpb_single_image wpb_content_element vc_align_center\">\n\t\t\n\t\t<figure class=\"wpb_wrapper vc_figure\">\n\t\t\t<a href=\"http:\/\/lab.iossifidis.net\/2020\/11\/02\/virtual-reality-based-machine-learning-for-arm-hand-function-evaluation-and-support-system-vafes\/\" target=\"_blank\"  class=\"vc_single_image-wrapper   vc_box_border_grey rollover\"   ><img loading=\"lazy\" decoding=\"async\" width=\"300\" height=\"211\" src=\"https:\/\/klaeslab.de\/wp-content\/uploads\/2023\/05\/VAFES-logo-300x211.png\" class=\"vc_single_image-img attachment-medium\" alt=\"VAFES logo\" title=\"VAFES logo\" srcset=\"https:\/\/klaeslab.de\/wp-content\/uploads\/2023\/05\/VAFES-logo-300x211.png 300w, https:\/\/klaeslab.de\/wp-content\/uploads\/2023\/05\/VAFES-logo.png 474w\" sizes=\"auto, (max-width: 300px) 100vw, 300px\"  data-dt-location=\"https:\/\/klaeslab.de\/de\/team\/vafes-logo\/\" \/><\/a>\n\t\t<\/figure>\n\t<\/div>\n<\/div><\/div><\/div><div class=\"wpb_column vc_column_container vc_col-sm-6\"><div class=\"vc_column-inner\"><div class=\"wpb_wrapper\">\n\t<div class=\"wpb_text_column wpb_content_element\" >\n\t\t<div class=\"wpb_wrapper\">\n\t\t\t<div id=\"ultimate-heading-628263ee2a77c35d8\" class=\"uvc-heading ult-adjust-bottom-margin ultimate-heading-628263ee2a77c35d8 uvc-1562 accent-subtitle-color\" data-hspacer=\"no_spacer\" data-halign=\"left\">\n<div class=\"uvc-main-heading ult-responsive\" data-ultimate-target=\".uvc-heading.ultimate-heading-628263ee2a77c35d8 h4\" data-responsive-json-new=\"{&quot;font-size&quot;:&quot;desktop:30px;&quot;,&quot;line-height&quot;:&quot;desktop:40px;&quot;}\">\n<h4>VAFES Motion Tracker und VR f\u00fcr die Diagnose und Therapie von neurologischen Erkrankungen mit Hand- und Armfehlfunktionen<\/h4>\n<p>&nbsp;\n<\/p><\/div>\n<\/div>\n<div class=\"wpb_text_column wpb_content_element\">\n<div class=\"wpb_wrapper\">\n<p>Einschr\u00e4nkungen der Hand- und Armfunktion infolge neurologischer Erkrankungen erfordern eine differenzierte Diagnose sowohl zur Therapiekontrolle als auch zur<br \/>\nFr\u00fcherkennung.<\/p>\n<p>In diesem Projekt wird eine standardisierte Testumgebung in VR entwickelt. Motion Tracker und VR-Handschuhe decken ein breites Spektrum an relevanten Bewegungsparametern ab. Insbesondere werden die Bewegungsdaten durch synchrone EEG Aufzeichnungen mit neuronalen Signalen erg\u00e4nzt.<br \/>\nDiese Kombination macht es erstmals m\u00f6glich erstmals moderne Algorithmen des Machine Learnings im Rahmen der Diagnose und Therapie von neurologischen Erkrankungen mit Hand- und Armfehlfunktionen einzusetzen.<\/div>\n<\/div>\n<div class=\"vc_empty_space\"><\/div>\n\n\t\t<\/div>\n\t<\/div>\n<\/div><\/div><\/div><\/div>\n<\/div>","protected":false},"excerpt":{"rendered":"<p>Our Current Projects If you are interested in learning more about them, feel free to contact us! Our Youtube Playlist &#8220;KlaesLab Paper Trails!&#8221; Klaes Lab Paper Trails, our podcast-style series where we dive into the latest research from our lab! Our Youtube Playlist &#8220;KI and We&#8221; with currently 3 Episodes is the start of a&hellip;<\/p>","protected":false},"author":2,"featured_media":0,"parent":0,"menu_order":15,"comment_status":"closed","ping_status":"closed","template":"","meta":{"_acf_changed":false,"om_disable_all_campaigns":false,"_monsterinsights_skip_tracking":false,"_monsterinsights_sitenote_active":false,"_monsterinsights_sitenote_note":"","_monsterinsights_sitenote_category":0,"footnotes":""},"class_list":["post-1485","page","type-page","status-publish","hentry","description-off"],"acf":[],"aioseo_notices":[],"_links":{"self":[{"href":"https:\/\/klaeslab.de\/de\/wp-json\/wp\/v2\/pages\/1485","targetHints":{"allow":["GET"]}}],"collection":[{"href":"https:\/\/klaeslab.de\/de\/wp-json\/wp\/v2\/pages"}],"about":[{"href":"https:\/\/klaeslab.de\/de\/wp-json\/wp\/v2\/types\/page"}],"author":[{"embeddable":true,"href":"https:\/\/klaeslab.de\/de\/wp-json\/wp\/v2\/users\/2"}],"replies":[{"embeddable":true,"href":"https:\/\/klaeslab.de\/de\/wp-json\/wp\/v2\/comments?post=1485"}],"version-history":[{"count":40,"href":"https:\/\/klaeslab.de\/de\/wp-json\/wp\/v2\/pages\/1485\/revisions"}],"predecessor-version":[{"id":58315,"href":"https:\/\/klaeslab.de\/de\/wp-json\/wp\/v2\/pages\/1485\/revisions\/58315"}],"wp:attachment":[{"href":"https:\/\/klaeslab.de\/de\/wp-json\/wp\/v2\/media?parent=1485"}],"curies":[{"name":"wp","href":"https:\/\/api.w.org\/{rel}","templated":true}]}}